{"id":153,"date":"2014-09-16T14:41:21","date_gmt":"2014-09-16T14:41:21","guid":{"rendered":"http:\/\/www.cerrajeroenmarbella.com\/es\/?page_id=153"},"modified":"2014-09-16T16:43:50","modified_gmt":"2014-09-16T16:43:50","slug":"situacion","status":"publish","type":"page","link":"https:\/\/www.cerrajeroenmarbella.com\/es\/situacion\/","title":{"rendered":"SITUACION"},"content":{"rendered":"<p>[et_pb_section fullwidth=\u00bbon\u00bb specialty=\u00bboff\u00bb transparent_background=\u00bboff\u00bb background_color=\u00bb#721689&#8243; inner_shadow=\u00bboff\u00bb parallax=\u00bboff\u00bb parallax_method=\u00bboff\u00bb][et_pb_fullwidth_header admin_label=\u00bbFullwidth Header\u00bb title=\u00bbTel. 661 57 77 77 CERRAJERO\u2013LOCKSMITH\u00bb background_layout=\u00bbdark\u00bb text_orientation=\u00bbcenter\u00bb \/][\/et_pb_section][et_pb_section fullwidth=\u00bboff\u00bb specialty=\u00bboff\u00bb transparent_background=\u00bboff\u00bb background_color=\u00bb#721689&#8243; inner_shadow=\u00bboff\u00bb parallax=\u00bboff\u00bb parallax_method=\u00bboff\u00bb][et_pb_row][et_pb_column type=\u00bb1_2&#8243;][et_pb_cta admin_label=\u00bbCall To Action\u00bb use_background_color=\u00bbon\u00bb background_color=\u00bb#\u00bb background_layout=\u00bbdark\u00bb text_orientation=\u00bbcenter\u00bb]<\/p>\n<ul>\n<li style=\"text-align: left;\">\n<h3><span style=\"color: #ffffff;\">APERTURA DE PUERTAS<\/span><\/h3>\n<\/li>\n<li style=\"text-align: left;\">\n<h3><span style=\"color: #ffffff;\">COCHES<br \/>\n<\/span><\/h3>\n<\/li>\n<li style=\"text-align: left;\">\n<h3><span style=\"color: #ffffff;\">CAJAS FUERTES <\/span><\/h3>\n<\/li>\n<li style=\"text-align: left;\">\n<h3><span style=\"color: #ffffff;\">CAMBIO DE CERRADURAS<\/span><\/h3>\n<\/li>\n<\/ul>\n<p>[\/et_pb_cta][\/et_pb_column][et_pb_column type=\u00bb1_2&#8243;][et_pb_image admin_label=\u00bbImage\u00bb src=\u00bbhttp:\/\/www.cerrajeroenmarbella.com\/es\/wp-content\/uploads\/2014\/09\/BOTON1.png\u00bb alt=\u00bbhttp:\/\/cerrajeroenmarbella.com\/es\/wp-content\/themes\/Divi\/BOTON1.png\u00bb show_in_lightbox=\u00bbon\u00bb url_new_window=\u00bboff\u00bb animation=\u00bbfade_in\u00bb sticky=\u00bboff\u00bb \/][\/et_pb_column][\/et_pb_row][\/et_pb_section][et_pb_section fullwidth=\u00bbon\u00bb specialty=\u00bboff\u00bb][et_pb_fullwidth_map admin_label=\u00bbFullwidth Map\u00bb address=\u00bb29670 San Pedro Alc\u00e1ntara, M\u00e1laga, Espa\u00f1a\u00bb zoom_level=\u00bb16&#8243; address_lat=\u00bb36.4864356&#8243; address_lng=\u00bb-4.989648200000033&#8243; mouse_wheel=\u00bbon\u00bb][et_pb_map_pin pin_address=\u00bbCalle Don Vito, 8, 29670 San Pedro Alc\u00e1ntara, M\u00e1laga, Espa\u00f1a\u00bb pin_address_lat=\u00bb36.48775545518228&#8243; pin_address_lng=\u00bb-4.988810130688535&#8243; \/][\/et_pb_fullwidth_map][\/et_pb_section]<\/p>\n","protected":false},"excerpt":{"rendered":"<p><div class=\"et_pb_row et_pb_row_0 et_pb_row_empty\">\n\t\t\t\t\n\t\t\t\t\n\t\t\t\t\n\t\t\t<\/div> APERTURA DE PUERTAS COCHES CAJAS FUERTES CAMBIO DE CERRADURAS<\/p>\n","protected":false},"author":1,"featured_media":0,"parent":0,"menu_order":0,"comment_status":"open","ping_status":"open","template":"","meta":{"_et_pb_use_builder":"on","_et_pb_old_content":"","_et_gb_content_width":""},"_links":{"self":[{"href":"https:\/\/www.cerrajeroenmarbella.com\/es\/wp-json\/wp\/v2\/pages\/153"}],"collection":[{"href":"https:\/\/www.cerrajeroenmarbella.com\/es\/wp-json\/wp\/v2\/pages"}],"about":[{"href":"https:\/\/www.cerrajeroenmarbella.com\/es\/wp-json\/wp\/v2\/types\/page"}],"author":[{"embeddable":true,"href":"https:\/\/www.cerrajeroenmarbella.com\/es\/wp-json\/wp\/v2\/users\/1"}],"replies":[{"embeddable":true,"href":"https:\/\/www.cerrajeroenmarbella.com\/es\/wp-json\/wp\/v2\/comments?post=153"}],"version-history":[{"count":3,"href":"https:\/\/www.cerrajeroenmarbella.com\/es\/wp-json\/wp\/v2\/pages\/153\/revisions"}],"predecessor-version":[{"id":201,"href":"https:\/\/www.cerrajeroenmarbella.com\/es\/wp-json\/wp\/v2\/pages\/153\/revisions\/201"}],"wp:attachment":[{"href":"https:\/\/www.cerrajeroenmarbella.com\/es\/wp-json\/wp\/v2\/media?parent=153"}],"curies":[{"name":"wp","href":"https:\/\/api.w.org\/{rel}","templated":true}]}}