{"id":70,"date":"2014-09-12T11:19:01","date_gmt":"2014-09-12T11:19:01","guid":{"rendered":"http:\/\/www.cerrajeroenmarbella.com\/es\/?page_id=70"},"modified":"2017-08-09T06:13:52","modified_gmt":"2017-08-09T06:13:52","slug":"inicio","status":"publish","type":"page","link":"https:\/\/www.cerrajeroenmarbella.com\/es\/","title":{"rendered":"INICIO"},"content":{"rendered":"<p>[et_pb_section fb_built=\u00bb1&#8243; background_color=\u00bb#721689&#8243; fullwidth=\u00bbon\u00bb admin_label=\u00bbsection\u00bb _builder_version=\u00bb3.0.47&#8243;][et_pb_fullwidth_header title=\u00bbTel. 661 57 77 77 CERRAJERO\u2013LOCKSMITH\u00bb background_layout=\u00bbdark\u00bb text_orientation=\u00bbcenter\u00bb admin_label=\u00bbFullwidth Header\u00bb _builder_version=\u00bb3.0.47&#8243;] [\/et_pb_fullwidth_header][\/et_pb_section][et_pb_section fb_built=\u00bb1&#8243; background_color=\u00bb#721689&#8243; admin_label=\u00bbsection\u00bb _builder_version=\u00bb3.0.47&#8243;][et_pb_row admin_label=\u00bbrow\u00bb _builder_version=\u00bb3.0.47&#8243; background_size=\u00bbinitial\u00bb background_position=\u00bbtop_left\u00bb background_repeat=\u00bbrepeat\u00bb][et_pb_column type=\u00bb1_2&#8243; _builder_version=\u00bb3.0.47&#8243; parallax=\u00bboff\u00bb parallax_method=\u00bbon\u00bb][et_pb_cta background_color=\u00bb#\u00bb admin_label=\u00bbCall To Action\u00bb _builder_version=\u00bb3.0.47&#8243; background_size=\u00bbinitial\u00bb background_position=\u00bbtop_left\u00bb background_repeat=\u00bbrepeat\u00bb]<\/p>\n<ul>\n<li style=\"text-align: left;\">\n<h3><span style=\"color: #ffffff;\">APERTURA DE PUERTAS<\/span><\/h3>\n<\/li>\n<li style=\"text-align: left;\">\n<h3><span style=\"color: #ffffff;\">COCHES<br \/>\n<\/span><\/h3>\n<\/li>\n<li style=\"text-align: left;\">\n<h3><span style=\"color: #ffffff;\">CAJAS FUERTES <\/span><\/h3>\n<\/li>\n<li style=\"text-align: left;\">\n<h3><span style=\"color: #ffffff;\">CAMBIO DE CERRADURAS<\/span><\/h3>\n<\/li>\n<\/ul>\n<p>[\/et_pb_cta][\/et_pb_column][et_pb_column type=\u00bb1_2&#8243; _builder_version=\u00bb3.0.47&#8243; parallax=\u00bboff\u00bb parallax_method=\u00bbon\u00bb][et_pb_image src=\u00bbhttp:\/\/www.cerrajeroenmarbella.com\/es\/wp-content\/uploads\/2014\/09\/BOTON1.png\u00bb alt=\u00bbhttp:\/\/cerrajeroenmarbella.com\/es\/wp-content\/themes\/Divi\/BOTON1.png\u00bb show_in_lightbox=\u00bbon\u00bb animation=\u00bbfade_in\u00bb admin_label=\u00bbImage\u00bb _builder_version=\u00bb3.0.47&#8243;] [\/et_pb_image][\/et_pb_column][\/et_pb_row][\/et_pb_section][et_pb_section fb_built=\u00bb1&#8243; background_color=\u00bb#cadaec\u00bb admin_label=\u00bbsection\u00bb _builder_version=\u00bb3.0.47&#8243; custom_padding=\u00bb31px|0px|0px|0px\u00bb][et_pb_row admin_label=\u00bbrow\u00bb _builder_version=\u00bb3.0.47&#8243; background_size=\u00bbinitial\u00bb background_position=\u00bbtop_left\u00bb background_repeat=\u00bbrepeat\u00bb][et_pb_column type=\u00bb1_2&#8243; _builder_version=\u00bb3.0.47&#8243; parallax=\u00bboff\u00bb parallax_method=\u00bbon\u00bb][et_pb_text admin_label=\u00bbText\u00bb _builder_version=\u00bb3.0.47&#8243; background_size=\u00bbinitial\u00bb background_position=\u00bbtop_left\u00bb background_repeat=\u00bbrepeat\u00bb]<\/p>\n<p class=\"nueve\" style=\"text-align: justify;\" align=\"justify\"><span style=\"color: #333333;\">En EL MUNDO DE LAS LLAVES, le ofrecemos todos los servicios relacionados con la cerrajer\u00eda que usted necesite en MARBELLA, SAN PEDRO DE ALCANTARA, ESTEPONA, SABINILLAS.<\/span><\/p>\n<p class=\"nueve\" style=\"text-align: justify;\" align=\"justify\"><span style=\"color: #333333;\">El Mundo de las Llaves, especialistas en apertura de todo tipo de puertas. Aperturas sin rotura. Especialistas en reparaci\u00f3n de cerraduras de todo tipo. Ofrecemos soluciones con rapidez, profesionalidad y seriedad.<\/span><\/p>\n<ul>\n<li>\n<div align=\"left\"><span class=\"diez\" style=\"color: #333333;\">Cambio de llaves, bombines y cerraduras.<\/span><\/div>\n<\/li>\n<li>\n<div align=\"left\"><span class=\"diez\" style=\"color: #333333;\">Aperturas de puertas sin destrozos.<\/span><\/div>\n<\/li>\n<li>\n<div align=\"left\"><span class=\"diez\" style=\"color: #333333;\">Instalaci\u00f3n de cerrojos suplementarios<\/span><\/div>\n<\/li>\n<li>\n<div align=\"left\"><span class=\"diez\" style=\"color: #333333;\">Instalaci\u00f3n y reparaci\u00f3n de todo tipo de cierres met\u00e1licos y persianas.<\/span><\/div>\n<\/li>\n<li>\n<div align=\"left\"><span class=\"diez\" style=\"color: #333333;\">Reparaciones de motores y automatismos.<\/span><\/div>\n<\/li>\n<li>\n<div align=\"left\"><span style=\"color: #333333;\"><span class=\"diez\">Instalaci\u00f3n, reparaci\u00f3n y sustituci\u00f3n de dispositivos de seguridad de suelo para persianas met\u00e1licas y cierres met\u00e1licos<\/span><span class=\"once\">.<\/span><\/span><\/div>\n<\/li>\n<li>\n<div align=\"left\"><span class=\"diez\" style=\"color: #333333;\">Amaestramientos de cerraduras. Instalaci\u00f3n y reparaci\u00f3n de persianas.<\/span><\/div>\n<\/li>\n<li>\n<div align=\"left\"><span style=\"color: #333333;\"><span class=\"diez\">Instalaci\u00f3n, reparaci\u00f3n y automatizaci\u00f3n de Todo tipo de puerta<\/span>s.<\/span><\/div>\n<\/li>\n<\/ul>\n<p>[\/et_pb_text][\/et_pb_column][et_pb_column type=\u00bb1_2&#8243; _builder_version=\u00bb3.0.47&#8243; parallax=\u00bboff\u00bb parallax_method=\u00bbon\u00bb][et_pb_slider auto=\u00bbon\u00bb auto_speed=\u00bb1500&#8243; background_position=\u00bbdefault\u00bb background_size=\u00bbdefault\u00bb admin_label=\u00bbSlider\u00bb _builder_version=\u00bb3.0.47&#8243;][et_pb_slide background_image=\u00bbhttp:\/\/www.cerrajeroenmarbella.com\/es\/wp-content\/uploads\/2014\/09\/dsc06908.jpg\u00bb background_position=\u00bbdefault\u00bb background_size=\u00bbdefault\u00bb _builder_version=\u00bb3.0.47&#8243; custom_button=\u00bboff\u00bb button_icon_placement=\u00bbright\u00bb button_on_hover=\u00bbon\u00bb]<\/p>\n<p>&nbsp;<\/p>\n<p>&nbsp;<\/p>\n<p>&nbsp;<\/p>\n<p>&nbsp;<\/p>\n<p>&nbsp;<\/p>\n<p>&nbsp;<\/p>\n<p>&nbsp;<\/p>\n<p>&nbsp;<\/p>\n<p>&nbsp;<\/p>\n<p>&nbsp;<\/p>\n<p>[\/et_pb_slide][et_pb_slide background_image=\u00bbhttp:\/\/www.cerrajeroenmarbella.com\/es\/wp-content\/uploads\/2014\/09\/dsc06894.jpg\u00bb background_position=\u00bbdefault\u00bb background_size=\u00bbdefault\u00bb _builder_version=\u00bb3.0.47&#8243; custom_button=\u00bboff\u00bb button_icon_placement=\u00bbright\u00bb button_on_hover=\u00bbon\u00bb]<\/p>\n<p>&nbsp;<\/p>\n<p>&nbsp;<\/p>\n<p>&nbsp;<\/p>\n<p>&nbsp;<\/p>\n<p>&nbsp;<\/p>\n<p>&nbsp;<\/p>\n<p>[\/et_pb_slide][et_pb_slide background_image=\u00bbhttp:\/\/www.cerrajeroenmarbella.com\/es\/wp-content\/uploads\/2014\/09\/dsc06921.jpg\u00bb background_position=\u00bbdefault\u00bb background_size=\u00bbdefault\u00bb _builder_version=\u00bb3.0.47&#8243; custom_button=\u00bboff\u00bb button_icon_placement=\u00bbright\u00bb button_on_hover=\u00bbon\u00bb]<\/p>\n<p>&nbsp;<\/p>\n<p>&nbsp;<\/p>\n<p>&nbsp;<\/p>\n<p>&nbsp;<\/p>\n<p>&nbsp;<\/p>\n<p>[\/et_pb_slide][et_pb_slide background_image=\u00bbhttp:\/\/www.cerrajeroenmarbella.com\/es\/wp-content\/uploads\/2014\/09\/dsc06916.jpg\u00bb background_position=\u00bbdefault\u00bb background_size=\u00bbdefault\u00bb _builder_version=\u00bb3.0.47&#8243; custom_button=\u00bboff\u00bb button_icon_placement=\u00bbright\u00bb button_on_hover=\u00bbon\u00bb]<\/p>\n<p>&nbsp;<\/p>\n<p>&nbsp;<\/p>\n<p>&nbsp;<\/p>\n<p>&nbsp;<\/p>\n<p>&nbsp;<\/p>\n<p>[\/et_pb_slide][et_pb_slide background_image=\u00bbhttp:\/\/www.cerrajeroenmarbella.com\/es\/wp-content\/uploads\/2014\/09\/dsc06919.jpg\u00bb background_position=\u00bbdefault\u00bb background_size=\u00bbdefault\u00bb _builder_version=\u00bb3.0.47&#8243; custom_button=\u00bboff\u00bb button_icon_placement=\u00bbright\u00bb button_on_hover=\u00bbon\u00bb]<\/p>\n<p>&nbsp;<\/p>\n<p>&nbsp;<\/p>\n<p>&nbsp;<\/p>\n<p>&nbsp;<\/p>\n<p>&nbsp;<\/p>\n<p>[\/et_pb_slide][\/et_pb_slider][\/et_pb_column][\/et_pb_row][et_pb_row admin_label=\u00bbrow\u00bb _builder_version=\u00bb3.0.47&#8243; background_size=\u00bbinitial\u00bb background_position=\u00bbtop_left\u00bb background_repeat=\u00bbrepeat\u00bb][et_pb_column type=\u00bb1_4&#8243; _builder_version=\u00bb3.0.47&#8243; parallax=\u00bboff\u00bb parallax_method=\u00bbon\u00bb][et_pb_text admin_label=\u00bbText\u00bb _builder_version=\u00bb3.0.47&#8243; background_size=\u00bbinitial\u00bb background_position=\u00bbtop_left\u00bb background_repeat=\u00bbrepeat\u00bb]<\/p>\n<ul>\n<li>\n<div class=\"final\" align=\"left\"><span style=\"color: #333333;\">cerrajero marbella<\/span><\/div>\n<\/li>\n<li>\n<div class=\"final\" align=\"left\"><span style=\"color: #333333;\">copia de llaves san pedro de alcantara<\/span><\/div>\n<\/li>\n<li>\n<div class=\"final\" align=\"left\"><span style=\"color: #333333;\">Urgencias cerrajer\u00eda Marbella<\/span><\/div>\n<\/li>\n<li>\n<div class=\"final\" align=\"left\"><span style=\"color: #333333;\">cerrajero24horas<\/span><\/div>\n<\/li>\n<li>\n<div class=\"final\" align=\"left\"><span style=\"color: #333333;\">cerrajeros marbella<\/span><\/div>\n<\/li>\n<\/ul>\n<p>[\/et_pb_text][\/et_pb_column][et_pb_column type=\u00bb1_4&#8243; _builder_version=\u00bb3.0.47&#8243; parallax=\u00bboff\u00bb parallax_method=\u00bbon\u00bb][et_pb_text admin_label=\u00bbText\u00bb _builder_version=\u00bb3.0.47&#8243; background_size=\u00bbinitial\u00bb background_position=\u00bbtop_left\u00bb background_repeat=\u00bbrepeat\u00bb]<\/p>\n<ul>\n<li class=\"final\">\n<div align=\"left\">el mundo de las llaves<\/div>\n<\/li>\n<li class=\"final\">\n<div align=\"left\">alvaro guerrero<\/div>\n<\/li>\n<li class=\"final\">\n<div align=\"left\">tienda de cerraduras san pedro<\/div>\n<\/li>\n<li class=\"final\">\n<div align=\"left\">copia de llaves marbella<\/div>\n<\/li>\n<\/ul>\n<p>[\/et_pb_text][\/et_pb_column][et_pb_column type=\u00bb1_4&#8243; _builder_version=\u00bb3.0.47&#8243; parallax=\u00bboff\u00bb parallax_method=\u00bbon\u00bb][et_pb_text admin_label=\u00bbText\u00bb _builder_version=\u00bb3.0.47&#8243; background_size=\u00bbinitial\u00bb background_position=\u00bbtop_left\u00bb background_repeat=\u00bbrepeat\u00bb]<\/p>\n<ul>\n<li class=\"final\">\n<div align=\"left\">cerrajeros san pedro<\/div>\n<\/li>\n<li class=\"final\">\n<div align=\"left\">cerrajero san pedro<\/div>\n<\/li>\n<li class=\"final\">\n<div align=\"left\">aperturas marbella<\/div>\n<\/li>\n<li class=\"final\">\n<div align=\"left\">cerrajero en marbella<\/div>\n<\/li>\n<li class=\"final\">\n<div align=\"left\">cerrajeria en marbella<\/div>\n<\/li>\n<\/ul>\n<p>[\/et_pb_text][\/et_pb_column][et_pb_column type=\u00bb1_4&#8243; _builder_version=\u00bb3.0.47&#8243; parallax=\u00bboff\u00bb parallax_method=\u00bbon\u00bb][et_pb_text admin_label=\u00bbText\u00bb _builder_version=\u00bb3.0.47&#8243; background_size=\u00bbinitial\u00bb background_position=\u00bbtop_left\u00bb background_repeat=\u00bbrepeat\u00bb]<\/p>\n<ul>\n<li class=\"final\">\n<div align=\"left\">cerrajeros san pedro<\/div>\n<\/li>\n<li class=\"final\">\n<div align=\"left\">cerrajero san pedro<\/div>\n<\/li>\n<li class=\"final\">\n<div align=\"left\">aperturas marbella<\/div>\n<\/li>\n<li class=\"final\">\n<div align=\"left\">cerrajero en marbella<\/div>\n<\/li>\n<li class=\"final\">\n<div align=\"left\">cerrajeria en marbella<\/div>\n<\/li>\n<\/ul>\n<p>[\/et_pb_text][\/et_pb_column][\/et_pb_row][\/et_pb_section]<\/p>\n","protected":false},"excerpt":{"rendered":"<p>APERTURA DE PUERTAS COCHES CAJAS FUERTES CAMBIO DE CERRADURAS En EL MUNDO DE LAS LLAVES, le ofrecemos todos los servicios relacionados con la cerrajer\u00eda que usted necesite en MARBELLA, SAN PEDRO DE ALCANTARA, ESTEPONA, SABINILLAS. El Mundo de las Llaves, especialistas en apertura de todo tipo de puertas. Aperturas sin rotura. Especialistas en reparaci\u00f3n de [&hellip;]<\/p>\n","protected":false},"author":1,"featured_media":0,"parent":0,"menu_order":0,"comment_status":"open","ping_status":"open","template":"","meta":{"_et_pb_use_builder":"on","_et_pb_old_content":"","_et_gb_content_width":""},"_links":{"self":[{"href":"https:\/\/www.cerrajeroenmarbella.com\/es\/wp-json\/wp\/v2\/pages\/70"}],"collection":[{"href":"https:\/\/www.cerrajeroenmarbella.com\/es\/wp-json\/wp\/v2\/pages"}],"about":[{"href":"https:\/\/www.cerrajeroenmarbella.com\/es\/wp-json\/wp\/v2\/types\/page"}],"author":[{"embeddable":true,"href":"https:\/\/www.cerrajeroenmarbella.com\/es\/wp-json\/wp\/v2\/users\/1"}],"replies":[{"embeddable":true,"href":"https:\/\/www.cerrajeroenmarbella.com\/es\/wp-json\/wp\/v2\/comments?post=70"}],"version-history":[{"count":69,"href":"https:\/\/www.cerrajeroenmarbella.com\/es\/wp-json\/wp\/v2\/pages\/70\/revisions"}],"predecessor-version":[{"id":250,"href":"https:\/\/www.cerrajeroenmarbella.com\/es\/wp-json\/wp\/v2\/pages\/70\/revisions\/250"}],"wp:attachment":[{"href":"https:\/\/www.cerrajeroenmarbella.com\/es\/wp-json\/wp\/v2\/media?parent=70"}],"curies":[{"name":"wp","href":"https:\/\/api.w.org\/{rel}","templated":true}]}}